{"id":457,"date":"2025-09-26T13:22:36","date_gmt":"2025-09-26T11:22:36","guid":{"rendered":"https:\/\/camperbox.krakow.business\/?page_id=457"},"modified":"2025-10-14T13:55:24","modified_gmt":"2025-10-14T11:55:24","slug":"wysylka","status":"publish","type":"page","link":"https:\/\/camperbox.krakow.business\/?page_id=457","title":{"rendered":"ASORTYMENT"},"content":{"rendered":"\t\t<div data-elementor-type=\"wp-page\" data-elementor-id=\"457\" class=\"elementor elementor-457\">\n\t\t\t\t<div class=\"elementor-element elementor-element-fe26fa3 e-flex e-con-boxed e-con e-parent\" data-id=\"fe26fa3\" data-element_type=\"container\">\n\t\t\t\t\t<div class=\"e-con-inner\">\n\t\t\t\t<div class=\"elementor-element elementor-element-91bb2ee elementor-widget elementor-widget-text-editor\" data-id=\"91bb2ee\" data-element_type=\"widget\" data-widget_type=\"text-editor.default\">\n\t\t\t\t<div class=\"elementor-widget-container\">\n\t\t\t\t\t\t\t\t\t<h3>Modu\u0142y kamperowe najwy\u017cszej jako\u015bci \u2013 produkowane w Polsce<\/h3><p>Nasze rozwi\u0105zania to po\u0142\u0105czenie\u00a0<strong>szybko\u015bci, jako\u015bci i elastyczno\u015bci<\/strong>. Dzi\u0119ki modu\u0142om w prosty spos\u00f3b zamienisz sw\u00f3j samoch\u00f3d dostawczy w w pe\u0142ni funkcjonalnego kampera \u2013 nawet w\u00a0<strong>1 godzin\u0119<\/strong>.<\/p><p><strong>Dlaczego warto wybra\u0107 nasze modu\u0142y?<\/strong><\/p><ul><li><p><strong>Najwy\u017csza jako\u015b\u0107 materia\u0142\u00f3w<\/strong>\u00a0\u2013 stal nierdzewna, wodoodporne tkaniny, wodoodporna pod\u0142oga, elementy odporne na trudne warunki.<\/p><\/li><li><p><strong>Bezpiecze\u0144stwo i niezawodno\u015b\u0107<\/strong>\u00a0\u2013 korzystamy tylko ze sprawdzonych komponent\u00f3w, w tym certyfikowanych stacji elektrycznych.<\/p><\/li><li><p><strong>Nowoczesne technologie<\/strong>\u00a0\u2013 sterowanie elektronik\u0105, wentylacj\u0105 i ogrzewaniem wody mo\u017cliwe tak\u017ce bezprzewodowo.<\/p><\/li><li><p><strong>Elastyczno\u015b\u0107 i personalizacja<\/strong>\u00a0\u2013 ka\u017cd\u0105 zabudow\u0119 dopasowujemy indywidualnie do potrzeb klienta.<\/p><\/li><li><p><strong>Oszcz\u0119dno\u015b\u0107 czasu i pieni\u0119dzy<\/strong>\u00a0\u2013 monta\u017c w 1 godzin\u0119 i koszt nawet o 50% ni\u017cszy ni\u017c przy tradycyjnej zabudowie.<\/p><\/li><li><p><strong>Mobilno\u015b\u0107 i wygoda<\/strong>\u00a0\u2013 modu\u0142y mo\u017cna szybko zdemontowa\u0107, przywracaj\u0105c autu funkcj\u0119 dostawcz\u0105.<\/p><\/li><\/ul><p>Dzi\u0119ki naszym modu\u0142om otrzymujesz\u00a0<strong>kampera skrojonego na miar\u0119<\/strong>, zbudowanego z najlepszych materia\u0142\u00f3w i wyposa\u017conego w nowoczesne rozwi\u0105zania, kt\u00f3re zapewni\u0105 komfort i bezpiecze\u0144stwo w ka\u017cdej podr\u00f3\u017cy.<\/p>\t\t\t\t\t\t\t\t<\/div>\n\t\t\t\t<\/div>\n\t\t\t\t\t<\/div>\n\t\t\t\t<\/div>\n\t\t<div class=\"elementor-element elementor-element-35c587d e-flex e-con-boxed e-con e-parent\" data-id=\"35c587d\" data-element_type=\"container\">\n\t\t\t\t\t<div class=\"e-con-inner\">\n\t\t\t\t<div class=\"elementor-element elementor-element-2f1fcec elementor-widget elementor-widget-image\" data-id=\"2f1fcec\" data-element_type=\"widget\" data-widget_type=\"image.default\">\n\t\t\t\t<div class=\"elementor-widget-container\">\n\t\t\t\t\t\t\t\t\t\t\t\t\t\t\t<img fetchpriority=\"high\" decoding=\"async\" width=\"950\" height=\"723\" src=\"https:\/\/camperbox.krakow.business\/wp-content\/uploads\/2025\/10\/GZg0VV0YZHpdozCN.png\" class=\"attachment-large size-large wp-image-544\" alt=\"\" srcset=\"https:\/\/camperbox.krakow.business\/wp-content\/uploads\/2025\/10\/GZg0VV0YZHpdozCN.png 950w, https:\/\/camperbox.krakow.business\/wp-content\/uploads\/2025\/10\/GZg0VV0YZHpdozCN-300x228.png 300w, https:\/\/camperbox.krakow.business\/wp-content\/uploads\/2025\/10\/GZg0VV0YZHpdozCN-768x584.png 768w\" sizes=\"(max-width: 950px) 100vw, 950px\" \/>\t\t\t\t\t\t\t\t\t\t\t\t\t\t\t<\/div>\n\t\t\t\t<\/div>\n\t\t\t\t\t<\/div>\n\t\t\t\t<\/div>\n\t\t<div class=\"elementor-element elementor-element-ffd5df3 e-grid e-con-boxed e-con e-parent\" data-id=\"ffd5df3\" data-element_type=\"container\" data-settings=\"{&quot;background_background&quot;:&quot;classic&quot;}\">\n\t\t\t\t\t<div class=\"e-con-inner\">\n\t\t\t\t<div class=\"elementor-element elementor-element-7ea31ca elementor-widget elementor-widget-image\" data-id=\"7ea31ca\" data-element_type=\"widget\" data-widget_type=\"image.default\">\n\t\t\t\t<div class=\"elementor-widget-container\">\n\t\t\t\t\t\t\t\t\t\t\t\t\t\t\t<img decoding=\"async\" width=\"1024\" height=\"576\" src=\"https:\/\/camperbox.krakow.business\/wp-content\/uploads\/2025\/10\/Photo_Photo-9-1024x576.jpg\" class=\"attachment-large size-large wp-image-559\" alt=\"\" srcset=\"https:\/\/camperbox.krakow.business\/wp-content\/uploads\/2025\/10\/Photo_Photo-9-1024x576.jpg 1024w, https:\/\/camperbox.krakow.business\/wp-content\/uploads\/2025\/10\/Photo_Photo-9-300x169.jpg 300w, https:\/\/camperbox.krakow.business\/wp-content\/uploads\/2025\/10\/Photo_Photo-9-768x432.jpg 768w, https:\/\/camperbox.krakow.business\/wp-content\/uploads\/2025\/10\/Photo_Photo-9-1536x864.jpg 1536w, https:\/\/camperbox.krakow.business\/wp-content\/uploads\/2025\/10\/Photo_Photo-9-2048x1152.jpg 2048w, https:\/\/camperbox.krakow.business\/wp-content\/uploads\/2025\/10\/Photo_Photo-9-800x450.jpg 800w\" sizes=\"(max-width: 1024px) 100vw, 1024px\" \/>\t\t\t\t\t\t\t\t\t\t\t\t\t\t\t<\/div>\n\t\t\t\t<\/div>\n\t\t\t\t<div class=\"elementor-element elementor-element-9490b8a elementor-widget elementor-widget-image\" data-id=\"9490b8a\" data-element_type=\"widget\" data-widget_type=\"image.default\">\n\t\t\t\t<div class=\"elementor-widget-container\">\n\t\t\t\t\t\t\t\t\t\t\t\t\t\t\t<img decoding=\"async\" width=\"1024\" height=\"576\" src=\"https:\/\/camperbox.krakow.business\/wp-content\/uploads\/2025\/10\/Photo_Photo-10-1024x576.jpg\" class=\"attachment-large size-large wp-image-560\" alt=\"\" srcset=\"https:\/\/camperbox.krakow.business\/wp-content\/uploads\/2025\/10\/Photo_Photo-10-1024x576.jpg 1024w, https:\/\/camperbox.krakow.business\/wp-content\/uploads\/2025\/10\/Photo_Photo-10-300x169.jpg 300w, https:\/\/camperbox.krakow.business\/wp-content\/uploads\/2025\/10\/Photo_Photo-10-768x432.jpg 768w, https:\/\/camperbox.krakow.business\/wp-content\/uploads\/2025\/10\/Photo_Photo-10-1536x864.jpg 1536w, https:\/\/camperbox.krakow.business\/wp-content\/uploads\/2025\/10\/Photo_Photo-10-2048x1152.jpg 2048w, https:\/\/camperbox.krakow.business\/wp-content\/uploads\/2025\/10\/Photo_Photo-10-800x450.jpg 800w\" sizes=\"(max-width: 1024px) 100vw, 1024px\" \/>\t\t\t\t\t\t\t\t\t\t\t\t\t\t\t<\/div>\n\t\t\t\t<\/div>\n\t\t\t\t<div class=\"elementor-element elementor-element-ea71ea8 elementor-widget elementor-widget-image\" data-id=\"ea71ea8\" data-element_type=\"widget\" data-widget_type=\"image.default\">\n\t\t\t\t<div class=\"elementor-widget-container\">\n\t\t\t\t\t\t\t\t\t\t\t\t\t\t\t<img loading=\"lazy\" decoding=\"async\" width=\"1024\" height=\"576\" src=\"https:\/\/camperbox.krakow.business\/wp-content\/uploads\/2025\/10\/Photo_Photo-8-1024x576.jpg\" class=\"attachment-large size-large wp-image-561\" alt=\"\" srcset=\"https:\/\/camperbox.krakow.business\/wp-content\/uploads\/2025\/10\/Photo_Photo-8-1024x576.jpg 1024w, https:\/\/camperbox.krakow.business\/wp-content\/uploads\/2025\/10\/Photo_Photo-8-300x169.jpg 300w, https:\/\/camperbox.krakow.business\/wp-content\/uploads\/2025\/10\/Photo_Photo-8-768x432.jpg 768w, https:\/\/camperbox.krakow.business\/wp-content\/uploads\/2025\/10\/Photo_Photo-8-1536x864.jpg 1536w, https:\/\/camperbox.krakow.business\/wp-content\/uploads\/2025\/10\/Photo_Photo-8-2048x1152.jpg 2048w, https:\/\/camperbox.krakow.business\/wp-content\/uploads\/2025\/10\/Photo_Photo-8-800x450.jpg 800w\" sizes=\"(max-width: 1024px) 100vw, 1024px\" \/>\t\t\t\t\t\t\t\t\t\t\t\t\t\t\t<\/div>\n\t\t\t\t<\/div>\n\t\t\t\t<div class=\"elementor-element elementor-element-c470fb6 elementor-widget elementor-widget-image\" data-id=\"c470fb6\" data-element_type=\"widget\" data-widget_type=\"image.default\">\n\t\t\t\t<div class=\"elementor-widget-container\">\n\t\t\t\t\t\t\t\t\t\t\t\t\t\t\t<img loading=\"lazy\" decoding=\"async\" width=\"1024\" height=\"576\" src=\"https:\/\/camperbox.krakow.business\/wp-content\/uploads\/2025\/10\/Photo_Photo-7-1024x576.jpg\" class=\"attachment-large size-large wp-image-562\" alt=\"\" srcset=\"https:\/\/camperbox.krakow.business\/wp-content\/uploads\/2025\/10\/Photo_Photo-7-1024x576.jpg 1024w, https:\/\/camperbox.krakow.business\/wp-content\/uploads\/2025\/10\/Photo_Photo-7-300x169.jpg 300w, https:\/\/camperbox.krakow.business\/wp-content\/uploads\/2025\/10\/Photo_Photo-7-768x432.jpg 768w, https:\/\/camperbox.krakow.business\/wp-content\/uploads\/2025\/10\/Photo_Photo-7-1536x864.jpg 1536w, https:\/\/camperbox.krakow.business\/wp-content\/uploads\/2025\/10\/Photo_Photo-7-2048x1152.jpg 2048w, https:\/\/camperbox.krakow.business\/wp-content\/uploads\/2025\/10\/Photo_Photo-7-800x450.jpg 800w\" sizes=\"(max-width: 1024px) 100vw, 1024px\" \/>\t\t\t\t\t\t\t\t\t\t\t\t\t\t\t<\/div>\n\t\t\t\t<\/div>\n\t\t\t\t<div class=\"elementor-element elementor-element-e99c72c elementor-widget elementor-widget-image\" data-id=\"e99c72c\" data-element_type=\"widget\" data-widget_type=\"image.default\">\n\t\t\t\t<div class=\"elementor-widget-container\">\n\t\t\t\t\t\t\t\t\t\t\t\t\t\t\t<img loading=\"lazy\" decoding=\"async\" width=\"1024\" height=\"576\" src=\"https:\/\/camperbox.krakow.business\/wp-content\/uploads\/2025\/10\/Photo_Photo-6-1024x576.jpg\" class=\"attachment-large size-large wp-image-564\" alt=\"\" srcset=\"https:\/\/camperbox.krakow.business\/wp-content\/uploads\/2025\/10\/Photo_Photo-6-1024x576.jpg 1024w, https:\/\/camperbox.krakow.business\/wp-content\/uploads\/2025\/10\/Photo_Photo-6-300x169.jpg 300w, https:\/\/camperbox.krakow.business\/wp-content\/uploads\/2025\/10\/Photo_Photo-6-768x432.jpg 768w, https:\/\/camperbox.krakow.business\/wp-content\/uploads\/2025\/10\/Photo_Photo-6-1536x864.jpg 1536w, https:\/\/camperbox.krakow.business\/wp-content\/uploads\/2025\/10\/Photo_Photo-6-2048x1152.jpg 2048w, https:\/\/camperbox.krakow.business\/wp-content\/uploads\/2025\/10\/Photo_Photo-6-800x450.jpg 800w\" sizes=\"(max-width: 1024px) 100vw, 1024px\" \/>\t\t\t\t\t\t\t\t\t\t\t\t\t\t\t<\/div>\n\t\t\t\t<\/div>\n\t\t\t\t<div class=\"elementor-element elementor-element-856ed11 elementor-widget elementor-widget-image\" data-id=\"856ed11\" data-element_type=\"widget\" data-widget_type=\"image.default\">\n\t\t\t\t<div class=\"elementor-widget-container\">\n\t\t\t\t\t\t\t\t\t\t\t\t\t\t\t<img loading=\"lazy\" decoding=\"async\" width=\"1024\" height=\"576\" src=\"https:\/\/camperbox.krakow.business\/wp-content\/uploads\/2025\/10\/Photo_Photo-5-1024x576.jpg\" class=\"attachment-large size-large wp-image-565\" alt=\"\" srcset=\"https:\/\/camperbox.krakow.business\/wp-content\/uploads\/2025\/10\/Photo_Photo-5-1024x576.jpg 1024w, https:\/\/camperbox.krakow.business\/wp-content\/uploads\/2025\/10\/Photo_Photo-5-300x169.jpg 300w, https:\/\/camperbox.krakow.business\/wp-content\/uploads\/2025\/10\/Photo_Photo-5-768x432.jpg 768w, https:\/\/camperbox.krakow.business\/wp-content\/uploads\/2025\/10\/Photo_Photo-5-1536x864.jpg 1536w, https:\/\/camperbox.krakow.business\/wp-content\/uploads\/2025\/10\/Photo_Photo-5-2048x1152.jpg 2048w, https:\/\/camperbox.krakow.business\/wp-content\/uploads\/2025\/10\/Photo_Photo-5-800x450.jpg 800w\" sizes=\"(max-width: 1024px) 100vw, 1024px\" \/>\t\t\t\t\t\t\t\t\t\t\t\t\t\t\t<\/div>\n\t\t\t\t<\/div>\n\t\t\t\t<div class=\"elementor-element elementor-element-a081a36 elementor-widget elementor-widget-image\" data-id=\"a081a36\" data-element_type=\"widget\" data-widget_type=\"image.default\">\n\t\t\t\t<div class=\"elementor-widget-container\">\n\t\t\t\t\t\t\t\t\t\t\t\t\t\t\t<img loading=\"lazy\" decoding=\"async\" width=\"1024\" height=\"576\" src=\"https:\/\/camperbox.krakow.business\/wp-content\/uploads\/2025\/10\/Photo_Photo-2-1024x576.jpg\" class=\"attachment-large size-large wp-image-566\" alt=\"\" srcset=\"https:\/\/camperbox.krakow.business\/wp-content\/uploads\/2025\/10\/Photo_Photo-2-1024x576.jpg 1024w, https:\/\/camperbox.krakow.business\/wp-content\/uploads\/2025\/10\/Photo_Photo-2-300x169.jpg 300w, https:\/\/camperbox.krakow.business\/wp-content\/uploads\/2025\/10\/Photo_Photo-2-768x432.jpg 768w, https:\/\/camperbox.krakow.business\/wp-content\/uploads\/2025\/10\/Photo_Photo-2-1536x864.jpg 1536w, https:\/\/camperbox.krakow.business\/wp-content\/uploads\/2025\/10\/Photo_Photo-2-2048x1152.jpg 2048w, https:\/\/camperbox.krakow.business\/wp-content\/uploads\/2025\/10\/Photo_Photo-2-800x450.jpg 800w\" sizes=\"(max-width: 1024px) 100vw, 1024px\" \/>\t\t\t\t\t\t\t\t\t\t\t\t\t\t\t<\/div>\n\t\t\t\t<\/div>\n\t\t\t\t<div class=\"elementor-element elementor-element-0820df6 elementor-widget elementor-widget-image\" data-id=\"0820df6\" data-element_type=\"widget\" data-widget_type=\"image.default\">\n\t\t\t\t<div class=\"elementor-widget-container\">\n\t\t\t\t\t\t\t\t\t\t\t\t\t\t\t<img loading=\"lazy\" decoding=\"async\" width=\"1024\" height=\"576\" src=\"https:\/\/camperbox.krakow.business\/wp-content\/uploads\/2025\/10\/Photo_Photo-1-1024x576.jpg\" class=\"attachment-large size-large wp-image-567\" alt=\"\" srcset=\"https:\/\/camperbox.krakow.business\/wp-content\/uploads\/2025\/10\/Photo_Photo-1-1024x576.jpg 1024w, https:\/\/camperbox.krakow.business\/wp-content\/uploads\/2025\/10\/Photo_Photo-1-300x169.jpg 300w, https:\/\/camperbox.krakow.business\/wp-content\/uploads\/2025\/10\/Photo_Photo-1-768x432.jpg 768w, https:\/\/camperbox.krakow.business\/wp-content\/uploads\/2025\/10\/Photo_Photo-1-1536x864.jpg 1536w, https:\/\/camperbox.krakow.business\/wp-content\/uploads\/2025\/10\/Photo_Photo-1-2048x1152.jpg 2048w, https:\/\/camperbox.krakow.business\/wp-content\/uploads\/2025\/10\/Photo_Photo-1-800x450.jpg 800w\" sizes=\"(max-width: 1024px) 100vw, 1024px\" \/>\t\t\t\t\t\t\t\t\t\t\t\t\t\t\t<\/div>\n\t\t\t\t<\/div>\n\t\t\t\t<div class=\"elementor-element elementor-element-89bcf1f elementor-widget elementor-widget-image\" data-id=\"89bcf1f\" data-element_type=\"widget\" data-widget_type=\"image.default\">\n\t\t\t\t<div class=\"elementor-widget-container\">\n\t\t\t\t\t\t\t\t\t\t\t\t\t\t\t<img loading=\"lazy\" decoding=\"async\" width=\"1024\" height=\"576\" src=\"https:\/\/camperbox.krakow.business\/wp-content\/uploads\/2025\/10\/Photo_Photo-3-1024x576.jpg\" class=\"attachment-large size-large wp-image-568\" alt=\"\" srcset=\"https:\/\/camperbox.krakow.business\/wp-content\/uploads\/2025\/10\/Photo_Photo-3-1024x576.jpg 1024w, https:\/\/camperbox.krakow.business\/wp-content\/uploads\/2025\/10\/Photo_Photo-3-300x169.jpg 300w, https:\/\/camperbox.krakow.business\/wp-content\/uploads\/2025\/10\/Photo_Photo-3-768x432.jpg 768w, https:\/\/camperbox.krakow.business\/wp-content\/uploads\/2025\/10\/Photo_Photo-3-1536x864.jpg 1536w, https:\/\/camperbox.krakow.business\/wp-content\/uploads\/2025\/10\/Photo_Photo-3-2048x1152.jpg 2048w, https:\/\/camperbox.krakow.business\/wp-content\/uploads\/2025\/10\/Photo_Photo-3-800x450.jpg 800w\" sizes=\"(max-width: 1024px) 100vw, 1024px\" \/>\t\t\t\t\t\t\t\t\t\t\t\t\t\t\t<\/div>\n\t\t\t\t<\/div>\n\t\t\t\t\t<\/div>\n\t\t\t\t<\/div>\n\t\t\t\t<section class=\"elementor-section elementor-top-section elementor-element elementor-element-ac06017 elementor-section-boxed elementor-section-height-default elementor-section-height-default elementor-invisible\" data-id=\"ac06017\" data-element_type=\"section\" data-settings=\"{&quot;background_background&quot;:&quot;classic&quot;,&quot;shape_divider_top&quot;:&quot;curve&quot;,&quot;animation&quot;:&quot;slideInLeft&quot;}\">\n\t\t\t\t\t<div class=\"elementor-shape elementor-shape-top\" aria-hidden=\"true\" data-negative=\"false\">\n\t\t\t<svg xmlns=\"http:\/\/www.w3.org\/2000\/svg\" viewBox=\"0 0 1000 100\" preserveAspectRatio=\"none\">\n    <path class=\"elementor-shape-fill\" d=\"M1000,4.3V0H0v4.3C0.9,23.1,126.7,99.2,500,100S1000,22.7,1000,4.3z\"\/>\n<\/svg>\t\t<\/div>\n\t\t\t\t\t<div class=\"elementor-container elementor-column-gap-default\">\n\t\t\t\t\t<div class=\"elementor-column elementor-col-100 elementor-top-column elementor-element elementor-element-783c034\" data-id=\"783c034\" data-element_type=\"column\">\n\t\t\t<div class=\"elementor-widget-wrap elementor-element-populated\">\n\t\t\t\t\t\t<div class=\"elementor-element elementor-element-2f735ff no-margin elementor-widget elementor-widget-heading\" data-id=\"2f735ff\" data-element_type=\"widget\" data-widget_type=\"heading.default\">\n\t\t\t\t<div class=\"elementor-widget-container\">\n\t\t\t\t\t<h2 class=\"elementor-heading-title elementor-size-default\">Pozosta\u0144my w Kontakcie<\/h2>\t\t\t\t<\/div>\n\t\t\t\t<\/div>\n\t\t\t\t<div class=\"elementor-element elementor-element-9be4579 no-margin elementor-widget-divider--view-line elementor-widget elementor-widget-divider\" data-id=\"9be4579\" data-element_type=\"widget\" data-widget_type=\"divider.default\">\n\t\t\t\t<div class=\"elementor-widget-container\">\n\t\t\t\t\t\t\t<div class=\"elementor-divider\">\n\t\t\t<span class=\"elementor-divider-separator\">\n\t\t\t\t\t\t<\/span>\n\t\t<\/div>\n\t\t\t\t\t\t<\/div>\n\t\t\t\t<\/div>\n\t\t\t\t<div class=\"elementor-element elementor-element-3891cf1 elementor-widget elementor-widget-text-editor\" data-id=\"3891cf1\" data-element_type=\"widget\" data-widget_type=\"text-editor.default\">\n\t\t\t\t<div class=\"elementor-widget-container\">\n\t\t\t\t\t\t\t\t\t<p>Masz pytanie? Chcesz si\u0119 um\u00f3wi\u0107 na wizyt\u0119? Zadzwo\u0144!<\/p><p>\ud83d\udc64 <strong data-start=\"3\" data-end=\"18\">W\u0142a\u015bciciel:<\/strong> Cezary Dudek<br data-start=\"31\" data-end=\"34\" \/>\ud83e\uddfe <strong data-start=\"37\" data-end=\"45\">NIP:<\/strong> 6751818603<br data-start=\"56\" data-end=\"59\" \/>\ud83d\udccd <strong data-start=\"62\" data-end=\"72\">Adres:<\/strong> Krak\u00f3w 31-559, ul. Grze\u00f3rzecka 79C\/105<br data-start=\"111\" data-end=\"114\" \/>\ud83d\udcde <strong data-start=\"117\" data-end=\"129\">Telefon:<\/strong> <a class=\"decorated-link cursor-pointer\" rel=\"noopener\" data-start=\"130\" data-end=\"162\">505 65 12 48<\/a><br data-start=\"162\" data-end=\"165\" \/>\u2709\ufe0f <strong data-start=\"168\" data-end=\"177\">Mail:<\/strong> <a class=\"decorated-link cursor-pointer\" rel=\"noopener\" data-start=\"178\" data-end=\"237\">cezary.dudek92@gmail.com<\/a><\/p>\t\t\t\t\t\t\t\t<\/div>\n\t\t\t\t<\/div>\n\t\t\t\t\t<\/div>\n\t\t<\/div>\n\t\t\t\t\t<\/div>\n\t\t<\/section>\n\t\t\t\t<section class=\"elementor-section elementor-top-section elementor-element elementor-element-24ff303 elementor-section-full_width elementor-section-height-default elementor-section-height-default\" data-id=\"24ff303\" data-element_type=\"section\">\n\t\t\t\t\t\t<div class=\"elementor-container elementor-column-gap-no\">\n\t\t\t\t\t<div class=\"elementor-column elementor-col-100 elementor-top-column elementor-element elementor-element-be1b827\" data-id=\"be1b827\" data-element_type=\"column\">\n\t\t\t<div class=\"elementor-widget-wrap elementor-element-populated\">\n\t\t\t\t\t\t<div class=\"elementor-element elementor-element-ff0a88c elementor-widget elementor-widget-google_maps\" data-id=\"ff0a88c\" data-element_type=\"widget\" data-widget_type=\"google_maps.default\">\n\t\t\t\t<div class=\"elementor-widget-container\">\n\t\t\t\t\t\t\t<div class=\"elementor-custom-embed\">\n\t\t\t<iframe loading=\"lazy\"\n\t\t\t\t\tsrc=\"https:\/\/maps.google.com\/maps?q=Krak%C3%B3w%2031-559%2C%20ul.%20Grze%C3%B3rzecka%2079C%2F105&#038;t=m&#038;z=10&#038;output=embed&#038;iwloc=near\"\n\t\t\t\t\ttitle=\"Krak\u00f3w 31-559, ul. Grze\u00f3rzecka 79C\/105\"\n\t\t\t\t\taria-label=\"Krak\u00f3w 31-559, ul. Grze\u00f3rzecka 79C\/105\"\n\t\t\t><\/iframe>\n\t\t<\/div>\n\t\t\t\t\t\t<\/div>\n\t\t\t\t<\/div>\n\t\t\t\t\t<\/div>\n\t\t<\/div>\n\t\t\t\t\t<\/div>\n\t\t<\/section>\n\t\t\t\t<\/div>\n\t\t","protected":false},"excerpt":{"rendered":"<p>Modu\u0142y kamperowe najwy\u017cszej jako\u015bci \u2013 produkowane w Polsce Nasze rozwi\u0105zania to po\u0142\u0105czenie\u00a0szybko\u015bci, jako\u015bci i elastyczno\u015bci. Dzi\u0119ki modu\u0142om w prosty spos\u00f3b zamienisz sw\u00f3j samoch\u00f3d dostawczy w w pe\u0142ni funkcjonalnego kampera \u2013 nawet w\u00a01 godzin\u0119. Dlaczego warto wybra\u0107 nasze modu\u0142y? Najwy\u017csza jako\u015b\u0107 materia\u0142\u00f3w\u00a0\u2013 stal nierdzewna, wodoodporne tkaniny, wodoodporna pod\u0142oga, elementy odporne na trudne warunki. Bezpiecze\u0144stwo i niezawodno\u015b\u0107\u00a0\u2013 [&hellip;]<\/p>\n","protected":false},"author":1,"featured_media":0,"parent":0,"menu_order":0,"comment_status":"closed","ping_status":"closed","template":"elementor_header_footer","meta":{"ocean_post_layout":"","ocean_both_sidebars_style":"","ocean_both_sidebars_content_width":0,"ocean_both_sidebars_sidebars_width":0,"ocean_sidebar":"","ocean_second_sidebar":"","ocean_disable_margins":"enable","ocean_add_body_class":"","ocean_shortcode_before_top_bar":"","ocean_shortcode_after_top_bar":"","ocean_shortcode_before_header":"","ocean_shortcode_after_header":"","ocean_has_shortcode":"","ocean_shortcode_after_title":"","ocean_shortcode_before_footer_widgets":"","ocean_shortcode_after_footer_widgets":"","ocean_shortcode_before_footer_bottom":"","ocean_shortcode_after_footer_bottom":"","ocean_display_top_bar":"default","ocean_display_header":"default","ocean_header_style":"","ocean_center_header_left_menu":"","ocean_custom_header_template":"","ocean_custom_logo":0,"ocean_custom_retina_logo":0,"ocean_custom_logo_max_width":0,"ocean_custom_logo_tablet_max_width":0,"ocean_custom_logo_mobile_max_width":0,"ocean_custom_logo_max_height":0,"ocean_custom_logo_tablet_max_height":0,"ocean_custom_logo_mobile_max_height":0,"ocean_header_custom_menu":"","ocean_menu_typo_font_family":"","ocean_menu_typo_font_subset":"","ocean_menu_typo_font_size":0,"ocean_menu_typo_font_size_tablet":0,"ocean_menu_typo_font_size_mobile":0,"ocean_menu_typo_font_size_unit":"px","ocean_menu_typo_font_weight":"","ocean_menu_typo_font_weight_tablet":"","ocean_menu_typo_font_weight_mobile":"","ocean_menu_typo_transform":"","ocean_menu_typo_transform_tablet":"","ocean_menu_typo_transform_mobile":"","ocean_menu_typo_line_height":0,"ocean_menu_typo_line_height_tablet":0,"ocean_menu_typo_line_height_mobile":0,"ocean_menu_typo_line_height_unit":"","ocean_menu_typo_spacing":0,"ocean_menu_typo_spacing_tablet":0,"ocean_menu_typo_spacing_mobile":0,"ocean_menu_typo_spacing_unit":"","ocean_menu_link_color":"","ocean_menu_link_color_hover":"","ocean_menu_link_color_active":"","ocean_menu_link_background":"","ocean_menu_link_hover_background":"","ocean_menu_link_active_background":"","ocean_menu_social_links_bg":"","ocean_menu_social_hover_links_bg":"","ocean_menu_social_links_color":"","ocean_menu_social_hover_links_color":"","ocean_disable_title":"default","ocean_disable_heading":"default","ocean_post_title":"","ocean_post_subheading":"","ocean_post_title_style":"","ocean_post_title_background_color":"","ocean_post_title_background":0,"ocean_post_title_bg_image_position":"","ocean_post_title_bg_image_attachment":"","ocean_post_title_bg_image_repeat":"","ocean_post_title_bg_image_size":"","ocean_post_title_height":0,"ocean_post_title_bg_overlay":0.5,"ocean_post_title_bg_overlay_color":"","ocean_disable_breadcrumbs":"default","ocean_breadcrumbs_color":"","ocean_breadcrumbs_separator_color":"","ocean_breadcrumbs_links_color":"","ocean_breadcrumbs_links_hover_color":"","ocean_display_footer_widgets":"default","ocean_display_footer_bottom":"default","ocean_custom_footer_template":"","footnotes":""},"class_list":["post-457","page","type-page","status-publish","hentry","entry"],"_links":{"self":[{"href":"https:\/\/camperbox.krakow.business\/index.php?rest_route=\/wp\/v2\/pages\/457","targetHints":{"allow":["GET"]}}],"collection":[{"href":"https:\/\/camperbox.krakow.business\/index.php?rest_route=\/wp\/v2\/pages"}],"about":[{"href":"https:\/\/camperbox.krakow.business\/index.php?rest_route=\/wp\/v2\/types\/page"}],"author":[{"embeddable":true,"href":"https:\/\/camperbox.krakow.business\/index.php?rest_route=\/wp\/v2\/users\/1"}],"replies":[{"embeddable":true,"href":"https:\/\/camperbox.krakow.business\/index.php?rest_route=%2Fwp%2Fv2%2Fcomments&post=457"}],"version-history":[{"count":17,"href":"https:\/\/camperbox.krakow.business\/index.php?rest_route=\/wp\/v2\/pages\/457\/revisions"}],"predecessor-version":[{"id":577,"href":"https:\/\/camperbox.krakow.business\/index.php?rest_route=\/wp\/v2\/pages\/457\/revisions\/577"}],"wp:attachment":[{"href":"https:\/\/camperbox.krakow.business\/index.php?rest_route=%2Fwp%2Fv2%2Fmedia&parent=457"}],"curies":[{"name":"wp","href":"https:\/\/api.w.org\/{rel}","templated":true}]}}